{"id":377,"date":"2017-12-13T01:13:41","date_gmt":"2017-12-13T00:13:41","guid":{"rendered":"http:\/\/intrasys-gmbh.com\/english\/?page_id=377"},"modified":"2019-12-14T00:25:44","modified_gmt":"2019-12-13T23:25:44","slug":"historie","status":"publish","type":"page","link":"https:\/\/intrasys-gmbh.com\/english\/company\/historie\/","title":{"rendered":"History"},"content":{"rendered":"\n<style type=\"text\/css\" data-created_by=\"avia_inline_auto\" id=\"style-css-av-av_heading-1af8dcc7157fa87d836f69bc31da594a\">\n#top .av-special-heading.av-av_heading-1af8dcc7157fa87d836f69bc31da594a{\npadding-bottom:10px;\n}\nbody .av-special-heading.av-av_heading-1af8dcc7157fa87d836f69bc31da594a .av-special-heading-tag .heading-char{\nfont-size:25px;\n}\n.av-special-heading.av-av_heading-1af8dcc7157fa87d836f69bc31da594a .av-subheading{\nfont-size:15px;\n}\n<\/style>\n<div  class='av-special-heading av-av_heading-1af8dcc7157fa87d836f69bc31da594a av-special-heading-h2 blockquote modern-quote  avia-builder-el-0  el_before_av_hr  avia-builder-el-first '><h2 class='av-special-heading-tag '  itemprop=\"headline\"  >InTraSys &#8211; a Success Story<\/h2><div class=\"special-heading-border\"><div class=\"special-heading-inner-border\"><\/div><\/div><\/div>\n<div  class='hr av-cv4cx-c9841af5ddf748b89dd700a776238973 hr-default  avia-builder-el-1  el_after_av_heading  el_before_av_timeline '><span class='hr-inner '><span class=\"hr-inner-style\"><\/span><\/span><\/div>\n\n<style type=\"text\/css\" data-created_by=\"avia_inline_auto\" id=\"style-css-av-jr0qcfbg-1e32b78bab72c7918552f7985906b4a9\">\n.avia-timeline-container.av-jr0qcfbg-1e32b78bab72c7918552f7985906b4a9 .av-milestone-icon-inner{\nbackground-color:#006ab3;\n}\n.avia-timeline-container.av-jr0qcfbg-1e32b78bab72c7918552f7985906b4a9 .av-milestone-indicator{\nbackground-color:#006ab3;\n}\n.avia-timeline-container.av-jr0qcfbg-1e32b78bab72c7918552f7985906b4a9 .av-milestone-article-footer{\nbackground-color:#006ab3;\n}\n<\/style>\n<div  id=\"avia-timeline-1\"  class='avia-timeline-container av-jr0qcfbg-1e32b78bab72c7918552f7985906b4a9 av-slideshow-ui  avia-builder-el-2  el_after_av_hr  avia-builder-el-last ' ><ul class='avia-timeline avia-timeline-vertical av-milestone-placement-alternate avia-timeline-boxshadow avia_animate_when_almost_visible avia-timeline-animate'>\n<li  class='av-milestone av-7937l-f040f3c94675cbba0333580de695309c av-animated-generic fade-in av-milestone-valign-baseline av-milestone-odd'><h2 class='av-milestone-date ' id='milestone-1979' ><strong>1979<span class='av-milestone-indicator'><\/span><\/strong><\/h2><div class=\"av-milestone-icon-wrap\"><span class='av-milestone-icon milestone_icon avia-font-entypo-fontello'><span class='av-milestone-icon-inner milestone_inner'><i class='milestone-char avia-iconfont avia-font-entypo-fontello' data-av_icon='' data-av_iconfont='entypo-fontello' ><\/i><\/span><\/span><\/div><article class='av-milestone-content-wrap'><div class='av-milestone-contentbox'><div class='av-milestone-content'><p>Dr. Peter Rosner starts working on linear magnetic drives and eddy-current brakes. A number of drives for transportation and for mine railways are built.<\/p>\n<\/div><\/div><footer class='av-milestone-article-footer entry-footer'><\/footer><\/article><\/li>\n<li  class='av-milestone av-1ywh6h-4d0b4f3ad5d045c431bbc0f0a68fe8e9 av-animated-generic fade-in av-milestone-valign-baseline av-milestone-even'><article class='av-milestone-content-wrap'><div class='av-milestone-contentbox'><div class='av-milestone-content'><p>Founding of InTraSys GmbH.<\/p>\n<\/div><\/div><footer class='av-milestone-article-footer entry-footer'><\/footer><\/article><div class=\"av-milestone-icon-wrap\"><span class='av-milestone-icon milestone_icon avia-font-entypo-fontello'><span class='av-milestone-icon-inner milestone_inner'><i class='milestone-char avia-iconfont avia-font-entypo-fontello' data-av_icon='' data-av_iconfont='entypo-fontello' ><\/i><\/span><\/span><\/div><h2 class='av-milestone-date ' id='milestone-1989' ><strong>1989<span class='av-milestone-indicator'><\/span><\/strong><\/h2><\/li>\n<li  class='av-milestone av-1ovys9-fc804fa1e3f96488770398c82eaddd50 av-animated-generic fade-in av-milestone-valign-baseline av-milestone-odd'><h2 class='av-milestone-date ' id='milestone-1993' ><strong>1993<span class='av-milestone-indicator'><\/span><\/strong><\/h2><div class=\"av-milestone-icon-wrap\"><span class='av-milestone-icon milestone_icon avia-font-entypo-fontello'><span class='av-milestone-icon-inner milestone_inner'><i class='milestone-char avia-iconfont avia-font-entypo-fontello' data-av_icon='' data-av_iconfont='entypo-fontello' ><\/i><\/span><\/span><\/div><article class='av-milestone-content-wrap'><div class='av-milestone-contentbox'><div class='av-milestone-content'><p>InTraSys build an automated pallet transportation system for the automotive industry.<\/p>\n<\/div><\/div><footer class='av-milestone-article-footer entry-footer'><\/footer><\/article><\/li>\n<li  class='av-milestone av-1kpgkp-f5a46235219c62042de1eaba06e9d07d av-animated-generic fade-in av-milestone-valign-baseline av-milestone-even'><article class='av-milestone-content-wrap'><div class='av-milestone-contentbox'><div class='av-milestone-content'><div>InTraSys plan, develop and supply both the drive system and the control electronics for an automated multi-storey car park in W\u00fcrzburg, Germany. The systems installed start building a high reputation due to unheard reliability and availability from day one.<\/div>\n<\/div><\/div><footer class='av-milestone-article-footer entry-footer'><\/footer><\/article><div class=\"av-milestone-icon-wrap\"><span class='av-milestone-icon milestone_icon avia-font-entypo-fontello'><span class='av-milestone-icon-inner milestone_inner'><i class='milestone-char avia-iconfont avia-font-entypo-fontello' data-av_icon='' data-av_iconfont='entypo-fontello' ><\/i><\/span><\/span><\/div><h2 class='av-milestone-date ' id='milestone-1995' ><strong>1995<span class='av-milestone-indicator'><\/span><\/strong><\/h2><\/li>\n<li  class='av-milestone av-1gwnf5-b8b955070af06c3d5257036e330657a1 av-animated-generic fade-in av-milestone-valign-baseline av-milestone-odd'><h2 class='av-milestone-date ' id='milestone-1996' ><strong>1996<span class='av-milestone-indicator'><\/span><\/strong><\/h2><div class=\"av-milestone-icon-wrap\"><span class='av-milestone-icon milestone_icon avia-font-entypo-fontello'><span class='av-milestone-icon-inner milestone_inner'><i class='milestone-char avia-iconfont avia-font-entypo-fontello' data-av_icon='' data-av_iconfont='entypo-fontello' ><\/i><\/span><\/span><\/div><article class='av-milestone-content-wrap'><div class='av-milestone-contentbox'><div class='av-milestone-content'><div>In California &#8222;Superman &#8211; The Escape&#8220; is built: World&#8217;s first big free-fall tower in an amusement park. The gondolas, weighing 7 metric tons (approx. 15.500 lb.), are accelerated with 2 g to a speed of 160 km\/h (100 mph) before they shoot up a vertical track to an altitude of some 126 m (415 ft.) above ground. Then, the gondolas fall down freely in reverse direction. The passengers get weightless for about six seconds. InTraSys supply both the Linear Drive System and the Eddy-Current-Brakes, slowing down the gondola jerklessly after the journey with an absolute 100% reliability.<\/div>\n<\/div><\/div><footer class='av-milestone-article-footer entry-footer'><\/footer><\/article><\/li>\n<li  class='av-milestone av-19w6op-7c3d9b2f6f18141486a589e212d66a36 av-animated-generic fade-in av-milestone-valign-baseline av-milestone-even'><article class='av-milestone-content-wrap'><div class='av-milestone-contentbox'><div class='av-milestone-content'><p>For the Transportation Museum in Luzern, Switzerland InTraSys develop and supply the Linear Drive System for a mine railway.<\/p>\n<\/div><\/div><footer class='av-milestone-article-footer entry-footer'><\/footer><\/article><div class=\"av-milestone-icon-wrap\"><span class='av-milestone-icon milestone_icon avia-font-entypo-fontello'><span class='av-milestone-icon-inner milestone_inner'><i class='milestone-char avia-iconfont avia-font-entypo-fontello' data-av_icon='' data-av_iconfont='entypo-fontello' ><\/i><\/span><\/span><\/div><h2 class='av-milestone-date ' id='milestone-1997' ><strong>1997<span class='av-milestone-indicator'><\/span><\/strong><\/h2><\/li>\n<li  class='av-milestone av-126u49-e68b4f3536aa02e407d59f21b1d15956 av-animated-generic fade-in av-milestone-valign-baseline av-milestone-odd'><h2 class='av-milestone-date ' id='milestone-1999' ><strong>1999<span class='av-milestone-indicator'><\/span><\/strong><\/h2><div class=\"av-milestone-icon-wrap\"><span class='av-milestone-icon milestone_icon avia-font-entypo-fontello'><span class='av-milestone-icon-inner milestone_inner'><i class='milestone-char avia-iconfont avia-font-entypo-fontello' data-av_icon='' data-av_iconfont='entypo-fontello' ><\/i><\/span><\/span><\/div><article class='av-milestone-content-wrap'><div class='av-milestone-contentbox'><div class='av-milestone-content'><div>For the first time, gondolas of a big water coaster get decelerated after the journey by an Eddy-Current Brake, delivered by InTraSys. As magnetic brakes work without friction, the braking force is identical at any time. The coaster&#8217;s water level as well as splash water have no effect on the braking.<\/div>\n<\/div><\/div><footer class='av-milestone-article-footer entry-footer'><\/footer><\/article><\/li>\n<li  class='av-milestone av-vi82x-887ac507c4a2e61cd50c25d47a897a59 av-animated-generic fade-in av-milestone-valign-baseline av-milestone-even'><article class='av-milestone-content-wrap'><div class='av-milestone-contentbox'><div class='av-milestone-content'><p>The experimental railroad track of &#8222;Neuen Bahntechnik Paderborn&#8220; goes into operation. It uses a Linear Induction Motor designed and manufactured by InTraSys.<\/p>\n<\/div><\/div><footer class='av-milestone-article-footer entry-footer'><\/footer><\/article><div class=\"av-milestone-icon-wrap\"><span class='av-milestone-icon milestone_icon avia-font-entypo-fontello'><span class='av-milestone-icon-inner milestone_inner'><i class='milestone-char avia-iconfont avia-font-entypo-fontello' data-av_icon='' data-av_iconfont='entypo-fontello' ><\/i><\/span><\/span><\/div><h2 class='av-milestone-date ' id='milestone-2000' ><strong>2000<span class='av-milestone-indicator'><\/span><\/strong><\/h2><\/li>\n<li  class='av-milestone av-qpdux-79c6c219cccad63e8096a480c80be667 av-animated-generic fade-in av-milestone-valign-baseline av-milestone-odd'><h2 class='av-milestone-date ' id='milestone-2002' ><strong>2002<span class='av-milestone-indicator'><\/span><\/strong><\/h2><div class=\"av-milestone-icon-wrap\"><span class='av-milestone-icon milestone_icon avia-font-entypo-fontello'><span class='av-milestone-icon-inner milestone_inner'><i class='milestone-char avia-iconfont avia-font-entypo-fontello' data-av_icon='' data-av_iconfont='entypo-fontello' ><\/i><\/span><\/span><\/div><article class='av-milestone-content-wrap'><div class='av-milestone-contentbox'><div class='av-milestone-content'><p>InTraSys supply the Drive System for a multi-storey car park test installation in D\u00fcren, Germany.<\/p>\n<\/div><\/div><footer class='av-milestone-article-footer entry-footer'><\/footer><\/article><\/li>\n<li  class='av-milestone av-nkfi1-103f9747efba9b05883f19974d4caaa2 av-animated-generic fade-in av-milestone-valign-baseline av-milestone-even'><article class='av-milestone-content-wrap'><div class='av-milestone-contentbox'><div class='av-milestone-content'><p>For the first time ever, the travelling speed of gondolas in a roller coaster reaches 200 km\/h (125 mph). InTraSys manufacture and supply Switchable Magnetic Brakes that are capable of handling such a high speed.<\/p>\n<\/div><\/div><footer class='av-milestone-article-footer entry-footer'><\/footer><\/article><div class=\"av-milestone-icon-wrap\"><span class='av-milestone-icon milestone_icon avia-font-entypo-fontello'><span class='av-milestone-icon-inner milestone_inner'><i class='milestone-char avia-iconfont avia-font-entypo-fontello' data-av_icon='' data-av_iconfont='entypo-fontello' ><\/i><\/span><\/span><\/div><h2 class='av-milestone-date ' id='milestone-2002' ><strong>2002<span class='av-milestone-indicator'><\/span><\/strong><\/h2><\/li>\n<li  class='av-milestone av-h6uu9-692a55596803712571813b076051717f av-animated-generic fade-in av-milestone-valign-baseline av-milestone-odd'><h2 class='av-milestone-date ' id='milestone-2004' ><strong>2004<span class='av-milestone-indicator'><\/span><\/strong><\/h2><div class=\"av-milestone-icon-wrap\"><span class='av-milestone-icon milestone_icon avia-font-entypo-fontello'><span class='av-milestone-icon-inner milestone_inner'><i class='milestone-char avia-iconfont avia-font-entypo-fontello' data-av_icon='' data-av_iconfont='entypo-fontello' ><\/i><\/span><\/span><\/div><article class='av-milestone-content-wrap'><div class='av-milestone-contentbox'><div class='av-milestone-content'><div>InTraSys develop a vertical drive for a special vessel according to military standards. This special technology could be used to make lifts in extremely tall buildings safer. Furthermore, it would also do a great job in the &#8222;Porta Alpina&#8220; project (see below).<\/div>\n<\/div><\/div><footer class='av-milestone-article-footer entry-footer'><\/footer><\/article><\/li>\n<li  class='av-milestone av-6l28p-b0342ae1639b7392ce10dd4c29392040 av-animated-generic fade-in av-milestone-valign-baseline av-milestone-even'><article class='av-milestone-content-wrap'><div class='av-milestone-contentbox'><div class='av-milestone-content'><p>In Switzerland, an approx. 60 km (some 37 miles) long tunnel is being built, undercutting the Alps. Quite in the middle of the tunnel, a large cave will be needed to handle all the stone. This cave could be converted into a railway station, the so-called Porta Alpina. The only problem: The station will be some 1.000 meters (some 3.300 ft.) below surface. InTraSys suggest a visionary concept to safely and reliably transport people from the surface to the train and back with an intelligent combination of vertical and horizontal drives. Would like to know more about this project? Just download our Presentation on Porta Alpina (PDF, 930 kB, only available in German).<\/p>\n<\/div><\/div><footer class='av-milestone-article-footer entry-footer'><\/footer><\/article><div class=\"av-milestone-icon-wrap\"><span class='av-milestone-icon milestone_icon avia-font-entypo-fontello'><span class='av-milestone-icon-inner milestone_inner'><i class='milestone-char avia-iconfont avia-font-entypo-fontello' data-av_icon='' data-av_iconfont='entypo-fontello' ><\/i><\/span><\/span><\/div><h2 class='av-milestone-date ' id='milestone-2005' ><strong>2005<span class='av-milestone-indicator'><\/span><\/strong><\/h2><\/li>\n<li  class='av-milestone av-av_timeline_item-0e97f5f806aaebbb2c7d461035f7e3ae av-animated-generic fade-in av-milestone-valign-baseline av-milestone-odd'><h2 class='av-milestone-date ' id='milestone-2007' ><strong>2007<span class='av-milestone-indicator'><\/span><\/strong><\/h2><div class=\"av-milestone-icon-wrap\"><span class='av-milestone-icon milestone_icon avia-font-entypo-fontello'><span class='av-milestone-icon-inner milestone_inner'><i class='milestone-char avia-iconfont avia-font-entypo-fontello' data-av_icon='' data-av_iconfont='entypo-fontello' ><\/i><\/span><\/span><\/div><article class='av-milestone-content-wrap'><div class='av-milestone-contentbox'><div class='av-milestone-content'><p>Der neue SLIM-Antrieb wird in zwei ersten Anlagen ausgeliefert \u2013 Ein Komplettsystem mit kompletter Antriebstechnik, Motorsteuerung und umfangreicher Diagnose, das in mehrj\u00e4hriger Entwicklungsarbeit entstanden ist. Diese Motoren eignen sich sehr gut f\u00fcr sichere und extrem schnell schaltbare (Induktions-) Bremsen z.B. als Roll-Back-Sicherung. In vielen Anlagen wird ein Zug in mehreren Antrieben \u00fcber die Strecke verteilt, immer wieder beschleunigt.<\/p>\n<\/div><\/div><footer class='av-milestone-article-footer entry-footer'><\/footer><\/article><\/li>\n<li  class='av-milestone av-av_timeline_item-0e97f5f806aaebbb2c7d461035f7e3ae av-animated-generic fade-in av-milestone-valign-baseline av-milestone-even'><article class='av-milestone-content-wrap'><div class='av-milestone-contentbox'><div class='av-milestone-content'><p>F\u00fcr Antriebe mit hoher Spitzenleistung setzt Intrasys Energiespeicher ein, zun\u00e4chst Flywheel-Speicher. Die ben\u00f6tigte Anschlussleistung eines Coasters wird damit vom MVA-Bereich auf einige 100 kVA reduziert.<\/p>\n<\/div><\/div><footer class='av-milestone-article-footer entry-footer'><\/footer><\/article><div class=\"av-milestone-icon-wrap\"><span class='av-milestone-icon milestone_icon avia-font-entypo-fontello'><span class='av-milestone-icon-inner milestone_inner'><i class='milestone-char avia-iconfont avia-font-entypo-fontello' data-av_icon='' data-av_iconfont='entypo-fontello' ><\/i><\/span><\/span><\/div><h2 class='av-milestone-date ' id='milestone-2007' ><strong>2007<span class='av-milestone-indicator'><\/span><\/strong><\/h2><\/li>\n<li  class='av-milestone av-av_timeline_item-513afc0a454bb6d8f18aaca3faa65552 av-animated-generic fade-in av-milestone-valign-baseline av-milestone-odd'><h2 class='av-milestone-date ' id='milestone-2012' ><strong>2012<span class='av-milestone-indicator'><\/span><\/strong><\/h2><div class=\"av-milestone-icon-wrap\"><span class='av-milestone-icon milestone_icon avia-font-entypo-fontello'><span class='av-milestone-icon-inner milestone_inner'><i class='milestone-char avia-iconfont avia-font-entypo-fontello' data-av_icon='' data-av_iconfont='entypo-fontello' ><\/i><\/span><\/span><\/div><article class='av-milestone-content-wrap'><div class='av-milestone-contentbox'><div class='av-milestone-content'><p>F\u00fcr eine Industrieanlage wird zum ersten Mal ein Speicher mit Supercap-Kondensatoren eingesetzt.<\/p>\n<\/div><\/div><footer class='av-milestone-article-footer entry-footer'><\/footer><\/article><\/li>\n<li  class='av-milestone av-av_timeline_item-64fb6acc3636ef38189d5d3f61048f48 av-animated-generic fade-in av-milestone-valign-baseline av-milestone-even'><article class='av-milestone-content-wrap'><div class='av-milestone-contentbox'><div class='av-milestone-content'><p>F\u00fcr ein Forschungsinstitut wird ein Vertikalantrieb gebaut, der 2,5 t mit 5 g vertikal beschleunigt und beim R\u00fcckfall wieder sicher abbremst.<\/p>\n<\/div><\/div><footer class='av-milestone-article-footer entry-footer'><\/footer><\/article><div class=\"av-milestone-icon-wrap\"><span class='av-milestone-icon milestone_icon avia-font-entypo-fontello'><span class='av-milestone-icon-inner milestone_inner'><i class='milestone-char avia-iconfont avia-font-entypo-fontello' data-av_icon='' data-av_iconfont='entypo-fontello' ><\/i><\/span><\/span><\/div><h2 class='av-milestone-date ' id='milestone-2016' ><strong>2016<span class='av-milestone-indicator'><\/span><\/strong><\/h2><\/li>\n<\/ul><\/div>\n","protected":false},"excerpt":{"rendered":"","protected":false},"author":1,"featured_media":0,"parent":368,"menu_order":0,"comment_status":"closed","ping_status":"closed","template":"","meta":{"footnotes":""},"class_list":["post-377","page","type-page","status-publish","hentry"],"_links":{"self":[{"href":"https:\/\/intrasys-gmbh.com\/english\/wp-json\/wp\/v2\/pages\/377","targetHints":{"allow":["GET"]}}],"collection":[{"href":"https:\/\/intrasys-gmbh.com\/english\/wp-json\/wp\/v2\/pages"}],"about":[{"href":"https:\/\/intrasys-gmbh.com\/english\/wp-json\/wp\/v2\/types\/page"}],"author":[{"embeddable":true,"href":"https:\/\/intrasys-gmbh.com\/english\/wp-json\/wp\/v2\/users\/1"}],"replies":[{"embeddable":true,"href":"https:\/\/intrasys-gmbh.com\/english\/wp-json\/wp\/v2\/comments?post=377"}],"version-history":[{"count":13,"href":"https:\/\/intrasys-gmbh.com\/english\/wp-json\/wp\/v2\/pages\/377\/revisions"}],"predecessor-version":[{"id":1096,"href":"https:\/\/intrasys-gmbh.com\/english\/wp-json\/wp\/v2\/pages\/377\/revisions\/1096"}],"up":[{"embeddable":true,"href":"https:\/\/intrasys-gmbh.com\/english\/wp-json\/wp\/v2\/pages\/368"}],"wp:attachment":[{"href":"https:\/\/intrasys-gmbh.com\/english\/wp-json\/wp\/v2\/media?parent=377"}],"curies":[{"name":"wp","href":"https:\/\/api.w.org\/{rel}","templated":true}]}}